{"id":1734,"date":"2015-04-07T11:52:39","date_gmt":"2015-04-07T09:52:39","guid":{"rendered":"https:\/\/www.euromet.com\/prodotti\/1734\/"},"modified":"2025-06-26T10:12:22","modified_gmt":"2025-06-26T08:12:22","slug":"lcd-tft-monitor-bracket-round-wall-mounted-nylon-vesa-100x100-standard-white","status":"publish","type":"product","link":"https:\/\/www.euromet.com\/en\/product\/lcd-tft-monitor-bracket-round-wall-mounted-nylon-vesa-100x100-standard-white\/","title":{"rendered":"LCD\/TFT Monitor Bracket \u201cRound\u201d, wall-mounted, nylon, VESA 100\u00d7100 standard, white"},"content":{"rendered":"","protected":false},"excerpt":{"rendered":"[fusion_separator style_type=\"single solid\" top_margin=\"0\" bottom_margin=\"10\" sep_color=\"#F6F6F6\" icon=\"\" width=\"\" class=\"\" id=\"\"]\n<p class=\"p-product\">Colore: Bianco<\/p>\n<p class=\"p-product\">Wall-mountable monitor bracket made of nylon. Plate for monitor mounting, 120\u00d7120\u00d74 mm, with 4 holes spaced 75 and 100 mm apart and \u00d84.5 mm (VESA Standard mounting).The monitor&#8217;s orientation (\u00b125\u00b0) is adjusted via the central body of the bracket by tightening it with the provided tool. Wall anchoring of the bracket can be done using two \u00d84.5 mm holes, positioned on the rear flange with a diameter of \u00d895 mm.<br \/>\nThis bracket is compatible with all LCD\/TFT monitors using VESA 75\u2013100 mounting standards.<\/p>\n<p class=\"p-product\">Also available in this color variant:<\/p>\n<ul>\n<li class=\"p-product\"><strong><a href=\"https:\/\/www.euromet.com\/prodotti\/supp-monitor-lcd-tft-da-parete-nailon-att-standard-vesa-100x100-nero\/\">Nero (Cod: 14945)<\/a><\/strong><\/li>\n<\/ul>\n<p>[fusion_separator style_type=\"single solid\" top_margin=\"0\" bottom_margin=\"30\" sep_color=\"#F6F6F6\" icon=\"\" width=\"\" class=\"\" id=\"\"\/][fusion_button link=\"\" color=\"blue\" size=\"\" type=\"\" shape=\"\" target=\"_self\" title=\"\" gradient_colors=\"|\" gradient_hover_colors=\"|\" accent_color=\"\" accent_hover_color=\"\" bevel_color=\"\" border_width=\"1px\" shadow=\"\" icon=\"fa-play\" icon_divider=\"yes\" icon_position=\"left\" modal=\"contact-form\" animation_type=\"0\" animation_direction=\"down\" animation_speed=\"0.1\" alignment=\"left\" class=\"\" id=\"\"]REQUEST AN OFFER[\/fusion_button][fusion_modal name=\"contact-form\" title=\"REQUEST AN OFFER\" size=\"large\" background=\"#ffffff\" border_color=\"\" show_footer=\"no\" class=\"formPop\" id=\"\"][contact-form-7 id=\"180\" title=\"FormOfferta\"][\/fusion_modal]<\/p>\n","protected":false},"featured_media":2309,"comment_status":"closed","ping_status":"closed","template":"","meta":[],"product_brand":[],"product_cat":[777,779],"product_tag":[],"class_list":{"0":"post-1734","1":"product","2":"type-product","3":"status-publish","4":"has-post-thumbnail","6":"product_cat-flat-panel-mounts","7":"product_cat-flat-panel-wall-mounts","9":"first","10":"instock","11":"shipping-taxable","12":"product-type-simple"},"yoast_head":"<!-- This site is optimized with the Yoast SEO plugin v25.8 - https:\/\/yoast.com\/wordpress\/plugins\/seo\/ -->\n<title>LCD\/TFT Monitor Bracket \u201cRound\u201d, wall-mounted, nylon, VESA 100\u00d7100 standard, white - Euromet<\/title>\n<meta name=\"robots\" content=\"index, follow, max-snippet:-1, max-image-preview:large, max-video-preview:-1\" \/>\n<link rel=\"canonical\" href=\"https:\/\/www.euromet.com\/en\/product\/lcd-tft-monitor-bracket-round-wall-mounted-nylon-vesa-100x100-standard-white\/\" \/>\n<meta property=\"og:locale\" content=\"en_US\" \/>\n<meta property=\"og:type\" content=\"article\" \/>\n<meta property=\"og:title\" content=\"LCD\/TFT Monitor Bracket \u201cRound\u201d, wall-mounted, nylon, VESA 100\u00d7100 standard, white - Euromet\" \/>\n<meta property=\"og:description\" content=\"Colore: Bianco Wall-mountable monitor bracket made of nylon. Plate for monitor mounting, 120\u00d7120\u00d74 mm, with 4 holes spaced 75 and 100 mm apart and \u00d84.5 mm (VESA Standard mounting).The monitor&#039;s orientation (\u00b125\u00b0) is adjusted via the central body of the bracket by tightening it with the provided tool. Wall anchoring of the bracket can be done using two \u00d84.5 mm holes, positioned on the rear flange with a diameter of \u00d895 mm. This bracket is compatible with all LCD\/TFT monitors using VESA 75\u2013100 mounting standards. Also available in this color variant:    Nero (Cod: 14945)\" \/>\n<meta property=\"og:url\" content=\"https:\/\/www.euromet.com\/en\/product\/lcd-tft-monitor-bracket-round-wall-mounted-nylon-vesa-100x100-standard-white\/\" \/>\n<meta property=\"og:site_name\" content=\"Euromet\" \/>\n<meta property=\"article:publisher\" content=\"https:\/\/www.facebook.com\/euromet.srl\" \/>\n<meta property=\"article:modified_time\" content=\"2025-06-26T08:12:22+00:00\" \/>\n<meta property=\"og:image\" content=\"https:\/\/www.euromet.com\/wp-content\/uploads\/2015\/04\/04754-P.png\" \/>\n\t<meta property=\"og:image:width\" content=\"887\" \/>\n\t<meta property=\"og:image:height\" content=\"887\" \/>\n\t<meta property=\"og:image:type\" content=\"image\/png\" \/>\n<meta name=\"twitter:card\" content=\"summary_large_image\" \/>\n<meta name=\"twitter:site\" content=\"@euromet\" \/>\n<meta name=\"twitter:label1\" content=\"Est. reading time\" \/>\n\t<meta name=\"twitter:data1\" content=\"1 minute\" \/>\n<script type=\"application\/ld+json\" class=\"yoast-schema-graph\">{\"@context\":\"https:\/\/schema.org\",\"@graph\":[{\"@type\":\"WebPage\",\"@id\":\"https:\/\/www.euromet.com\/en\/product\/lcd-tft-monitor-bracket-round-wall-mounted-nylon-vesa-100x100-standard-white\/\",\"url\":\"https:\/\/www.euromet.com\/en\/product\/lcd-tft-monitor-bracket-round-wall-mounted-nylon-vesa-100x100-standard-white\/\",\"name\":\"LCD\/TFT Monitor Bracket \u201cRound\u201d, wall-mounted, nylon, VESA 100\u00d7100 standard, white - Euromet\",\"isPartOf\":{\"@id\":\"https:\/\/www.euromet.com\/en\/#website\"},\"primaryImageOfPage\":{\"@id\":\"https:\/\/www.euromet.com\/en\/product\/lcd-tft-monitor-bracket-round-wall-mounted-nylon-vesa-100x100-standard-white\/#primaryimage\"},\"image\":{\"@id\":\"https:\/\/www.euromet.com\/en\/product\/lcd-tft-monitor-bracket-round-wall-mounted-nylon-vesa-100x100-standard-white\/#primaryimage\"},\"thumbnailUrl\":\"https:\/\/www.euromet.com\/wp-content\/uploads\/2015\/04\/04754-P.png\",\"datePublished\":\"2015-04-07T09:52:39+00:00\",\"dateModified\":\"2025-06-26T08:12:22+00:00\",\"breadcrumb\":{\"@id\":\"https:\/\/www.euromet.com\/en\/product\/lcd-tft-monitor-bracket-round-wall-mounted-nylon-vesa-100x100-standard-white\/#breadcrumb\"},\"inLanguage\":\"en-US\",\"potentialAction\":[{\"@type\":\"ReadAction\",\"target\":[\"https:\/\/www.euromet.com\/en\/product\/lcd-tft-monitor-bracket-round-wall-mounted-nylon-vesa-100x100-standard-white\/\"]}]},{\"@type\":\"ImageObject\",\"inLanguage\":\"en-US\",\"@id\":\"https:\/\/www.euromet.com\/en\/product\/lcd-tft-monitor-bracket-round-wall-mounted-nylon-vesa-100x100-standard-white\/#primaryimage\",\"url\":\"https:\/\/www.euromet.com\/wp-content\/uploads\/2015\/04\/04754-P.png\",\"contentUrl\":\"https:\/\/www.euromet.com\/wp-content\/uploads\/2015\/04\/04754-P.png\",\"width\":887,\"height\":887},{\"@type\":\"BreadcrumbList\",\"@id\":\"https:\/\/www.euromet.com\/en\/product\/lcd-tft-monitor-bracket-round-wall-mounted-nylon-vesa-100x100-standard-white\/#breadcrumb\",\"itemListElement\":[{\"@type\":\"ListItem\",\"position\":1,\"name\":\"Home\",\"item\":\"https:\/\/www.euromet.com\/en\/\"},{\"@type\":\"ListItem\",\"position\":2,\"name\":\"Products\",\"item\":\"https:\/\/www.euromet.com\/en\/products\/\"},{\"@type\":\"ListItem\",\"position\":3,\"name\":\"Flat Panel Mounts\",\"item\":\"https:\/\/www.euromet.com\/en\/product-category\/flat-panel-mounts\/\"},{\"@type\":\"ListItem\",\"position\":4,\"name\":\"Flat Panel Wall Mounts\",\"item\":\"https:\/\/www.euromet.com\/en\/product-category\/flat-panel-mounts\/flat-panel-wall-mounts\/\"},{\"@type\":\"ListItem\",\"position\":5,\"name\":\"LCD\/TFT Monitor Bracket \u201cRound\u201d, wall-mounted, nylon, VESA 100\u00d7100 standard, white\"}]},{\"@type\":\"WebSite\",\"@id\":\"https:\/\/www.euromet.com\/en\/#website\",\"url\":\"https:\/\/www.euromet.com\/en\/\",\"name\":\"Euromet\",\"description\":\"The accessory make the difference\",\"publisher\":{\"@id\":\"https:\/\/www.euromet.com\/en\/#organization\"},\"potentialAction\":[{\"@type\":\"SearchAction\",\"target\":{\"@type\":\"EntryPoint\",\"urlTemplate\":\"https:\/\/www.euromet.com\/en\/?s={search_term_string}\"},\"query-input\":{\"@type\":\"PropertyValueSpecification\",\"valueRequired\":true,\"valueName\":\"search_term_string\"}}],\"inLanguage\":\"en-US\"},{\"@type\":\"Organization\",\"@id\":\"https:\/\/www.euromet.com\/en\/#organization\",\"name\":\"Euromet Srl\",\"url\":\"https:\/\/www.euromet.com\/en\/\",\"logo\":{\"@type\":\"ImageObject\",\"inLanguage\":\"en-US\",\"@id\":\"https:\/\/www.euromet.com\/en\/#\/schema\/logo\/image\/\",\"url\":\"https:\/\/cdn.euromet.com\/wp-content\/uploads\/2018\/01\/logo-euromet2018-2x.jpg?strip=all&lossy=1&quality=90&sharp=1&ssl=1\",\"contentUrl\":\"https:\/\/cdn.euromet.com\/wp-content\/uploads\/2018\/01\/logo-euromet2018-2x.jpg?strip=all&lossy=1&quality=90&sharp=1&ssl=1\",\"width\":699,\"height\":158,\"caption\":\"Euromet Srl\"},\"image\":{\"@id\":\"https:\/\/www.euromet.com\/en\/#\/schema\/logo\/image\/\"},\"sameAs\":[\"https:\/\/www.facebook.com\/euromet.srl\",\"https:\/\/x.com\/euromet\",\"https:\/\/www.linkedin.com\/company\/euromet\/\"]}]}<\/script>\n<!-- \/ Yoast SEO plugin. -->","yoast_head_json":{"title":"LCD\/TFT Monitor Bracket \u201cRound\u201d, wall-mounted, nylon, VESA 100\u00d7100 standard, white - Euromet","robots":{"index":"index","follow":"follow","max-snippet":"max-snippet:-1","max-image-preview":"max-image-preview:large","max-video-preview":"max-video-preview:-1"},"canonical":"https:\/\/www.euromet.com\/en\/product\/lcd-tft-monitor-bracket-round-wall-mounted-nylon-vesa-100x100-standard-white\/","og_locale":"en_US","og_type":"article","og_title":"LCD\/TFT Monitor Bracket \u201cRound\u201d, wall-mounted, nylon, VESA 100\u00d7100 standard, white - Euromet","og_description":"Colore: Bianco Wall-mountable monitor bracket made of nylon. Plate for monitor mounting, 120\u00d7120\u00d74 mm, with 4 holes spaced 75 and 100 mm apart and \u00d84.5 mm (VESA Standard mounting).The monitor's orientation (\u00b125\u00b0) is adjusted via the central body of the bracket by tightening it with the provided tool. Wall anchoring of the bracket can be done using two \u00d84.5 mm holes, positioned on the rear flange with a diameter of \u00d895 mm. This bracket is compatible with all LCD\/TFT monitors using VESA 75\u2013100 mounting standards. Also available in this color variant:    Nero (Cod: 14945)","og_url":"https:\/\/www.euromet.com\/en\/product\/lcd-tft-monitor-bracket-round-wall-mounted-nylon-vesa-100x100-standard-white\/","og_site_name":"Euromet","article_publisher":"https:\/\/www.facebook.com\/euromet.srl","article_modified_time":"2025-06-26T08:12:22+00:00","og_image":[{"width":887,"height":887,"url":"https:\/\/www.euromet.com\/wp-content\/uploads\/2015\/04\/04754-P.png","type":"image\/png"}],"twitter_card":"summary_large_image","twitter_site":"@euromet","twitter_misc":{"Est. reading time":"1 minute"},"schema":{"@context":"https:\/\/schema.org","@graph":[{"@type":"WebPage","@id":"https:\/\/www.euromet.com\/en\/product\/lcd-tft-monitor-bracket-round-wall-mounted-nylon-vesa-100x100-standard-white\/","url":"https:\/\/www.euromet.com\/en\/product\/lcd-tft-monitor-bracket-round-wall-mounted-nylon-vesa-100x100-standard-white\/","name":"LCD\/TFT Monitor Bracket \u201cRound\u201d, wall-mounted, nylon, VESA 100\u00d7100 standard, white - Euromet","isPartOf":{"@id":"https:\/\/www.euromet.com\/en\/#website"},"primaryImageOfPage":{"@id":"https:\/\/www.euromet.com\/en\/product\/lcd-tft-monitor-bracket-round-wall-mounted-nylon-vesa-100x100-standard-white\/#primaryimage"},"image":{"@id":"https:\/\/www.euromet.com\/en\/product\/lcd-tft-monitor-bracket-round-wall-mounted-nylon-vesa-100x100-standard-white\/#primaryimage"},"thumbnailUrl":"https:\/\/www.euromet.com\/wp-content\/uploads\/2015\/04\/04754-P.png","datePublished":"2015-04-07T09:52:39+00:00","dateModified":"2025-06-26T08:12:22+00:00","breadcrumb":{"@id":"https:\/\/www.euromet.com\/en\/product\/lcd-tft-monitor-bracket-round-wall-mounted-nylon-vesa-100x100-standard-white\/#breadcrumb"},"inLanguage":"en-US","potentialAction":[{"@type":"ReadAction","target":["https:\/\/www.euromet.com\/en\/product\/lcd-tft-monitor-bracket-round-wall-mounted-nylon-vesa-100x100-standard-white\/"]}]},{"@type":"ImageObject","inLanguage":"en-US","@id":"https:\/\/www.euromet.com\/en\/product\/lcd-tft-monitor-bracket-round-wall-mounted-nylon-vesa-100x100-standard-white\/#primaryimage","url":"https:\/\/www.euromet.com\/wp-content\/uploads\/2015\/04\/04754-P.png","contentUrl":"https:\/\/www.euromet.com\/wp-content\/uploads\/2015\/04\/04754-P.png","width":887,"height":887},{"@type":"BreadcrumbList","@id":"https:\/\/www.euromet.com\/en\/product\/lcd-tft-monitor-bracket-round-wall-mounted-nylon-vesa-100x100-standard-white\/#breadcrumb","itemListElement":[{"@type":"ListItem","position":1,"name":"Home","item":"https:\/\/www.euromet.com\/en\/"},{"@type":"ListItem","position":2,"name":"Products","item":"https:\/\/www.euromet.com\/en\/products\/"},{"@type":"ListItem","position":3,"name":"Flat Panel Mounts","item":"https:\/\/www.euromet.com\/en\/product-category\/flat-panel-mounts\/"},{"@type":"ListItem","position":4,"name":"Flat Panel Wall Mounts","item":"https:\/\/www.euromet.com\/en\/product-category\/flat-panel-mounts\/flat-panel-wall-mounts\/"},{"@type":"ListItem","position":5,"name":"LCD\/TFT Monitor Bracket \u201cRound\u201d, wall-mounted, nylon, VESA 100\u00d7100 standard, white"}]},{"@type":"WebSite","@id":"https:\/\/www.euromet.com\/en\/#website","url":"https:\/\/www.euromet.com\/en\/","name":"Euromet","description":"The accessory make the difference","publisher":{"@id":"https:\/\/www.euromet.com\/en\/#organization"},"potentialAction":[{"@type":"SearchAction","target":{"@type":"EntryPoint","urlTemplate":"https:\/\/www.euromet.com\/en\/?s={search_term_string}"},"query-input":{"@type":"PropertyValueSpecification","valueRequired":true,"valueName":"search_term_string"}}],"inLanguage":"en-US"},{"@type":"Organization","@id":"https:\/\/www.euromet.com\/en\/#organization","name":"Euromet Srl","url":"https:\/\/www.euromet.com\/en\/","logo":{"@type":"ImageObject","inLanguage":"en-US","@id":"https:\/\/www.euromet.com\/en\/#\/schema\/logo\/image\/","url":"https:\/\/cdn.euromet.com\/wp-content\/uploads\/2018\/01\/logo-euromet2018-2x.jpg?strip=all&lossy=1&quality=90&sharp=1&ssl=1","contentUrl":"https:\/\/cdn.euromet.com\/wp-content\/uploads\/2018\/01\/logo-euromet2018-2x.jpg?strip=all&lossy=1&quality=90&sharp=1&ssl=1","width":699,"height":158,"caption":"Euromet Srl"},"image":{"@id":"https:\/\/www.euromet.com\/en\/#\/schema\/logo\/image\/"},"sameAs":["https:\/\/www.facebook.com\/euromet.srl","https:\/\/x.com\/euromet","https:\/\/www.linkedin.com\/company\/euromet\/"]}]}},"_links":{"self":[{"href":"https:\/\/www.euromet.com\/en\/wp-json\/wp\/v2\/product\/1734","targetHints":{"allow":["GET"]}}],"collection":[{"href":"https:\/\/www.euromet.com\/en\/wp-json\/wp\/v2\/product"}],"about":[{"href":"https:\/\/www.euromet.com\/en\/wp-json\/wp\/v2\/types\/product"}],"replies":[{"embeddable":true,"href":"https:\/\/www.euromet.com\/en\/wp-json\/wp\/v2\/comments?post=1734"}],"wp:featuredmedia":[{"embeddable":true,"href":"https:\/\/www.euromet.com\/en\/wp-json\/wp\/v2\/media\/2309"}],"wp:attachment":[{"href":"https:\/\/www.euromet.com\/en\/wp-json\/wp\/v2\/media?parent=1734"}],"wp:term":[{"taxonomy":"product_brand","embeddable":true,"href":"https:\/\/www.euromet.com\/en\/wp-json\/wp\/v2\/product_brand?post=1734"},{"taxonomy":"product_cat","embeddable":true,"href":"https:\/\/www.euromet.com\/en\/wp-json\/wp\/v2\/product_cat?post=1734"},{"taxonomy":"product_tag","embeddable":true,"href":"https:\/\/www.euromet.com\/en\/wp-json\/wp\/v2\/product_tag?post=1734"}],"curies":[{"name":"wp","href":"https:\/\/api.w.org\/{rel}","templated":true}]}}